{"id":11,"date":"2025-11-01T05:59:45","date_gmt":"2025-11-01T05:59:45","guid":{"rendered":"https:\/\/nicolasmagia.com\/?page_id=11"},"modified":"2025-11-01T06:23:14","modified_gmt":"2025-11-01T06:23:14","slug":"contacto","status":"publish","type":"page","link":"https:\/\/nicolasmagia.com\/index.php\/contacto\/","title":{"rendered":"Contacto"},"content":{"rendered":"\n<p>\u00bfListo para transformar tu evento en una <strong>experiencia inolvidable<\/strong>?<\/p>\n\n\n\n<p><strong>Tel\u00e9fono (WhatsApp):<\/strong> +57 (319) 705-3280 <\/p>\n\n\n\n<p><strong>Correo Electr\u00f3nico:<\/strong> NicolasMagiaOficial@gmail.com<\/p>\n\n\n\n<p><strong>Redes Sociales:<\/strong> @NicolasMagia <\/p>\n\n\n\n<div style=\"height:32px\" aria-hidden=\"true\" class=\"wp-block-spacer\"><\/div>\n\n\n\n<hr class=\"wp-block-separator has-alpha-channel-opacity\"\/>\n\n\n\n<div style=\"height:32px\" aria-hidden=\"true\" class=\"wp-block-spacer\"><\/div>\n\n\n\n<h2 class=\"wp-block-heading\">\u00bfQui\u00e9n es Nicol\u00e1s Magia?<\/h2>\n\n\n\n<p>Nicol\u00e1s Magia es un ilusionista profesional colombiano especializado en magia de escenario, close-up (magia de cerca) y comedia. Su estilo juvenil y fresco lo convierte en el colaborador ideal para eventos de alto perfil y marcas que buscan generar experiencias \u00fanicas en sus espectadores. Ha trabajado con empresas destacadas como COLM\u00c9DICA, SENA, Telecaribe y la Universidad Libre, entre otras.<\/p>\n\n\n\n<p>Su talento ha sido reconocido en la escena m\u00e1gica, obteniendo el Primer Lugar en el &#8220;Open Magic&#8221; de Bogot\u00e1 2025 y el Quinto Lugar a nivel nacional en el Festival &#8220;La Magia Nos Une&#8221; en Medell\u00edn 2025. Adem\u00e1s de su labor como artista, Nicol\u00e1s ha llevado la magia al \u00e1mbito empresarial como coautor del libro &#8220;Las cartas sobre la mesa: la magia aplicada en las empresas&#8221; junto al ilusionista y profesor Ram\u00f3n Vargas.<\/p>\n\n\n\n<p>Con la magia como herramienta de transformaci\u00f3n, Nicol\u00e1s no solo entretiene, sino que tambi\u00e9n inspira. Ofrece una conferencia corporativa titulada &#8220;Las Cartas sobre la Mesa&#8221;, donde utiliza ilusionismo y storytelling para motivar a la innovaci\u00f3n y el logro de resultados extraordinarios en el mundo empresarial.<\/p>\n\n\n\n<h2 class=\"wp-block-heading\">\u00bfQu\u00e9 tipo de magia<br>ofrece Nicol\u00e1s Magia?<\/h2>\n\n\n\n<p>Nicol\u00e1s Magia es un <strong>ilusionista profesional<\/strong> especializado en tres formatos principales: <strong>magia de escenario<\/strong> (shows elegantes de alto impacto), <strong>magia de cerca (<em>Close-Up<\/em>)<\/strong> (interacci\u00f3n en mesas o grupos), y <strong>conferencias corporativas (&#8220;Las Cartas sobre la Mesa&#8221;<\/strong>).<\/p>\n\n\n\n<h2 class=\"wp-block-heading\">\u00bfPara qu\u00e9 tipo de eventos<br>se recomienda contratar<br>a Nicol\u00e1s Magia?<\/h2>\n\n\n\n<p>Es ideal para eventos corporativos , congresos , celebraciones empresariales , recepciones, c\u00f3cteles o cenas. Su estilo juvenil y fresco garantiza una experiencia \u00fanica y de alto perfil.<\/p>\n\n\n\n<h2 class=\"wp-block-heading\">\u00bfC\u00f3mo es la Conferencia<br>&#8220;Las Cartas sobre la Mesa&#8221;?<\/h2>\n\n\n\n<p>Es una experiencia de 60 minutos que combina ilusionismo, storytelling y met\u00e1foras m\u00e1gicas para transmitir ideas de valor al mundo corporativo. El objetivo es inspirar la innovaci\u00f3n y ayudar a la audiencia a despertar &#8220;el mago que lleva dentro&#8221;.<\/p>\n\n\n\n<h2 class=\"wp-block-heading\">\u00bfCu\u00e1l es la duraci\u00f3n<br>de los espect\u00e1culos?<\/h2>\n\n\n\n<p>Tanto para el show de <strong>magia de escenario<\/strong> como la <strong>conferencia corporativa<\/strong>, tienen una duraci\u00f3n est\u00e1ndar de 60 minutos cada uno. En el caso del formato de <strong>magia de cerca (Close-Up)<\/strong> la duraci\u00f3n puede variar dependiendo de las necesidades del cliente en bloques de 30 a 60 minutos (se pueden cotizar m\u00faltiples bloques de tiempo).<\/p>\n","protected":false},"excerpt":{"rendered":"<p>\u00bfListo para transformar tu evento en una experiencia inolvidable? Tel\u00e9fono (WhatsApp): +57 (319) 705-3280 Correo Electr\u00f3nico: NicolasMagiaOficial@gmail.com Redes Sociales: @NicolasMagia \u00bfQui\u00e9n es Nicol\u00e1s Magia? Nicol\u00e1s Magia es un ilusionista profesional colombiano especializado en magia de escenario, close-up (magia de cerca) y comedia. Su estilo juvenil y fresco lo convierte en el colaborador ideal para eventos [&hellip;]<\/p>\n","protected":false},"author":1,"featured_media":0,"parent":0,"menu_order":0,"comment_status":"closed","ping_status":"closed","template":"","meta":{"footnotes":""},"class_list":["post-11","page","type-page","status-publish","hentry"],"_links":{"self":[{"href":"https:\/\/nicolasmagia.com\/index.php\/wp-json\/wp\/v2\/pages\/11","targetHints":{"allow":["GET"]}}],"collection":[{"href":"https:\/\/nicolasmagia.com\/index.php\/wp-json\/wp\/v2\/pages"}],"about":[{"href":"https:\/\/nicolasmagia.com\/index.php\/wp-json\/wp\/v2\/types\/page"}],"author":[{"embeddable":true,"href":"https:\/\/nicolasmagia.com\/index.php\/wp-json\/wp\/v2\/users\/1"}],"replies":[{"embeddable":true,"href":"https:\/\/nicolasmagia.com\/index.php\/wp-json\/wp\/v2\/comments?post=11"}],"version-history":[{"count":5,"href":"https:\/\/nicolasmagia.com\/index.php\/wp-json\/wp\/v2\/pages\/11\/revisions"}],"predecessor-version":[{"id":47,"href":"https:\/\/nicolasmagia.com\/index.php\/wp-json\/wp\/v2\/pages\/11\/revisions\/47"}],"wp:attachment":[{"href":"https:\/\/nicolasmagia.com\/index.php\/wp-json\/wp\/v2\/media?parent=11"}],"curies":[{"name":"wp","href":"https:\/\/api.w.org\/{rel}","templated":true}]}}